{"id":5,"date":"2022-12-20T11:02:38","date_gmt":"2022-12-20T10:02:38","guid":{"rendered":"https:\/\/hakenasvalley.se\/?page_id=5"},"modified":"2023-03-23T10:57:47","modified_gmt":"2023-03-23T09:57:47","slug":"5-2","status":"publish","type":"page","link":"https:\/\/hakenasvalley.se\/?page_id=5","title":{"rendered":"Om Haken\u00e4s Valley"},"content":{"rendered":"\n<div style=\"height:19px\" aria-hidden=\"true\" class=\"wp-block-spacer\"><\/div>\n\n\n<div class=\"wp-block-image\">\n<figure class=\"aligncenter size-full is-resized\"><img loading=\"lazy\" decoding=\"async\" src=\"https:\/\/hakenasvalley.se\/wp-content\/uploads\/2022\/12\/Hakenasvalley_png.png\" alt=\"\" class=\"wp-image-7\" width=\"255\" height=\"276\" srcset=\"https:\/\/hakenasvalley.se\/wp-content\/uploads\/2022\/12\/Hakenasvalley_png.png 340w, https:\/\/hakenasvalley.se\/wp-content\/uploads\/2022\/12\/Hakenasvalley_png-277x300.png 277w\" sizes=\"auto, (max-width: 255px) 100vw, 255px\" \/><\/figure>\n<\/div>\n\n\n<div style=\"height:50px\" aria-hidden=\"true\" class=\"wp-block-spacer\"><\/div>\n\n\n\n<p>Haken\u00e4s Valley \u00e4r namnet p\u00e5 en framtidsvision initierad av Hogias grundare Bert-Inge Hogsved.<\/p>\n\n\n\n<p>M\u00e5ls\u00e4ttningen \u00e4r i ett f\u00f6rsta skede ett ytterligare f\u00f6rdjupat samarbete mellan tre akt\u00f6rer i s\u00f6dra Stenungsund som verkar inom omr\u00e5dena <strong>entrepren\u00f6rskap<\/strong>, <strong>utbildning<\/strong> och <strong>h\u00e4lsa<\/strong>. De tre \u00e4r Hogia, N\u00f6sn\u00e4sgymnasiet och Stenungsund Arena. Det finns redan idag m\u00e5nga samarbeten och ber\u00f6ringspunkter mellan de tre och visionen \u00e4r baserad p\u00e5 en klart \u00f6kad samverkan fram\u00f6ver.<\/p>\n\n\n\n<h4 class=\"wp-block-heading\" style=\"font-size:24px\"><strong>Namnet<\/strong> <\/h4>\n\n\n\n<p><strong><em>Haken\u00e4s Valley: <\/em><\/strong>I visionen blir namnet Haken\u00e4s Valley n\u00e5got av ett \u201dandranamn\u201d p\u00e5 dalg\u00e5ngen fr\u00e5n fjorden vid Haken\u00e4s och upp l\u00e4ngs Ucklumsv\u00e4gen, allts\u00e5 det omr\u00e5de d\u00e4r Hogia, Stenungsund Arena och N\u00f6sn\u00e4sgymnasiet ligger sida vid sida.<\/p>\n\n\n\n<p><strong><em>Haken\u00e4s<\/em> <\/strong>\u00e4r namnet p\u00e5 den udde d\u00e4r Hogias huvudkontor ligger.<\/p>\n\n\n\n<p><strong><em>Valley<\/em><\/strong> anspelar naturligtvis p\u00e5 Silicon Valley (valley = dalg\u00e5ng).<\/p>\n\n\n\n<h4 class=\"wp-block-heading\" style=\"font-size:24px;font-style:normal;font-weight:600\"><strong>Vision<\/strong><\/h4>\n\n\n\n<p>I Bert-Inges vision ing\u00e5r i Haken\u00e4s Valley-ansatsen ett kraftigt \u00f6kat inslag av eftergymnasial utbildning. S\u00e5dan kommer fram\u00f6ver att bli allt viktigare f\u00f6r s\u00e5v\u00e4l ungdomar som vuxna. Hogia har idag ett omfattande samarbete med m\u00e5nga av regionens h\u00f6gskolor. N\u00e5gra specifika inslag i h\u00f6gskolekurser \u00e4r redan idag f\u00f6rlagda till Hogia-omr\u00e5det. Det h\u00e4r kommer helt s\u00e4kert att \u00f6ka fram\u00f6ver.<\/p>\n\n\n\n<p>Bert-Inge sj\u00e4lv \u00e4r s\u00e5v\u00e4l civilingenj\u00f6r som civilekonom. \u00c4ven efter sina studier har han h\u00e5llit en n\u00e4ra kontakt med h\u00f6gskolev\u00e4rlden och har haft m\u00e5nga engagemang i den. Bl a har han suttit i styrelsen f\u00f6r Chalmers tekniska h\u00f6gskola i 13 \u00e5r.<\/p>\n\n\n\n<h4 class=\"wp-block-heading\" style=\"font-size:24px\"><strong>N\u00e5gra aspekter<\/strong><\/h4>\n\n\n\n<p>De tre verksamheterna Hogia, N\u00f6sn\u00e4sgymnasiet och Stenungsund Arena gr\u00e4nsar geografiskt till varandra. Det ligger n\u00e4ra till hands att str\u00e4va efter att i en framtid se de tre omr\u00e5dena som <strong><em>ett<\/em><\/strong> \u201dcampus\u201d. D\u00e5 finner vi troligen inte bara s\u00e5dana samverkanseffekter som vi upplever idag utan \u00e4ven geografiska samordningsf\u00f6rdelar. Olika slag av lokaler anv\u00e4nds vid olika tidpunkter p\u00e5 dygnet eller under veckan. Det kan skapa sp\u00e4nnande m\u00f6jligheter till samutnyttjande etc.<\/p>\n\n\n\n<p>De allra flesta m\u00e4nniskor som \u00e4r p\u00e5 v\u00e4g till eller fr\u00e5n Stenungsund k\u00f6r eller \u00e5ker igenom \u201dHaken\u00e4s Valley\u201d, som symboliskt sett blir \u201dporten till Stenungsund\u201d och d\u00e4rmed lite grand \u201dporten till \u00f6arna\u201d. Om detta inte bara blir symboliskt, utan b\u00f6rjar upplevs som reellt, s\u00e5 kommer f\u00f6rhoppningsvis \u201dCampus Haken\u00e4s Valley\u201d med dess <strong><em>entrepren\u00f6rskap<\/em><\/strong>, <strong><em>utbildning<\/em><\/strong> och <strong><em>h\u00e4lsa<\/em><\/strong> att vara det som man allra mest f\u00f6rknippar orten Stenungsund med.<\/p>\n\n\n\n<h4 class=\"wp-block-heading\" style=\"font-size:24px\"><strong>Ett sl\u00e4ktskap<\/strong><\/h4>\n\n\n\n<p>Det finns ett sl\u00e4ktskap mellan Haken\u00e4s Valley-visionen och Bert-Inge och \u00c5se Hogsveds stiftelse, som stiftades f\u00f6r ett \u00e5r sedan. Gemensamt f\u00f6r b\u00e5da verksamheterna \u00e4r fokuseringen p\u00e5 entrepren\u00f6rskap och (h\u00f6gre) utbildning. S\u00e5 h\u00e4r ser stiftelsens \u00e4ndam\u00e5l ut (utdrag ur stadgarna):<\/p>\n\n\n\n<p><em>\u201dStiftelsens \u00e4ndam\u00e5l \u00e4r att fr\u00e4mja <strong>entrepren\u00f6rskap<\/strong> huvudsakligen genom forskning och utbildning. Stiftelsen ska i f\u00f6rsta hand gynna forskning och utbildning inom <strong>V\u00e4stra G\u00f6talandsregionen<\/strong>. Verksamhet som \u00e4r f\u00f6rlagd till <strong>Stenungsundsomr\u00e5det <\/strong>ska s\u00e4rskilt prioriteras.\u201d<\/em><\/p>\n\n\n\n<p>&#8221;<em>Stiftelsens \u00e4ndam\u00e5l \u00e4r ocks\u00e5 att <strong>\u00e4ga aktier i Hogia AB.<\/strong><\/em>&#8221;<\/p>\n\n\n\n<p>En mycket viktig m\u00e5ls\u00e4ttning med stiftelsen \u00e4r att den genom ett majoritets\u00e4gande i Hogia AB l\u00e5ngsiktigt skall s\u00e4kerst\u00e4lla Hogias existens som ett sj\u00e4lvst\u00e4ndigt bolag som kan forts\u00e4tta att bedriva sin huvudverksamhet p\u00e5 Haken\u00e4s i Stenungsund.<\/p>\n\n\n\n<p>\u201dL\u00e5ngsiktighet\u201d \u00e4r kanske Hogias allra viktigaste v\u00e4rdeord. Det \u00e4r den som vi vill s\u00e4kra genom stiftelsen, till gl\u00e4dje f\u00f6r v\u00e5ra kunder, v\u00e5ra medarbetare och v\u00e5r n\u00e4rmaste omgivning.<\/p>\n\n\n\n<p>Mycket viktigt \u00e4r att stiftelsen skall verka f\u00f6r att Hogia skall forts\u00e4tta att drivas i linje med de v\u00e4rderingar (Medarbetarid\u00e9n och en extrem l\u00e5ngsiktighet) och de arbetss\u00e4tt (sm\u00e5skalighet, entrepren\u00f6rskap, en mycket l\u00e5ngtg\u00e5ende delegering av ansvar och befogenheter inom organisationen) som har varit avg\u00f6rande f\u00f6r Hogias framg\u00e5ngar.<\/p>\n\n\n\n<h4 class=\"wp-block-heading\" style=\"font-size:24px\"><strong>En bakgrund: Visionens tillkomst<\/strong><\/h4>\n\n\n\n<p>Med ett Haken\u00e4s Valley-samarbete vill Bert-Inge inte bara internt i Hogia vara med och erbjuda en kombination av just entrepren\u00f6rskap, utbildning och h\u00e4lsa. Han bygger p\u00e5 de erfarenheter som han har skaffat sig i det f\u00f6retag han startade f\u00f6r 40 \u00e5r sedan och ber\u00e4ttar:<\/p>\n\n\n\n<p><em>\u201dHogia \u00e4r ett f\u00f6retag fullt av <strong>entrepren\u00f6rskap<\/strong>. Sm\u00e5skaligheten i v\u00e5r organisation, och den fokusering p\u00e5 ett visst specifikt omr\u00e5de som den leder till, skapar goda f\u00f6ruts\u00e4ttningar f\u00f6r v\u00e5ra medarbetare att f\u00e5 ta ansvar och att utveckla sitt kunnande och sin drivkraft. Entrepren\u00f6rskap \u00e4r ett mycket centralt begrepp f\u00f6r oss.<\/em><\/p>\n\n\n\n<p><em>Vi bygger hela tiden mer och mer egen kunskap inom de omr\u00e5den d\u00e4r vi verkar. Vi hj\u00e4lper ocks\u00e5 v\u00e5ra kunder att h\u00f6ja kunskapsniv\u00e5n i sina f\u00f6retag genom programvaror, olika slag av <strong>utbildning<\/strong> och den stora m\u00e4ngd av information som vi f\u00f6rser dem med. En mycket viktig verksamhet f\u00f6r oss \u00e4r allts\u00e5 kunskapsf\u00f6rmedling, utbildning.<\/em><\/p>\n\n\n\n<p><em>I Hogia bedrivs ett mycket uppskattat program f\u00f6r friskv\u00e5rd som heter <strong>\u201dI h\u00e4lsans tecken\u201d<\/strong>. Majoriteten av v\u00e5ra medarbetare deltar i det. Genom regelbundna m\u00e4tningar har vi f\u00e5tt klara bevis p\u00e5 programmets positiva effekter b\u00e5de p\u00e5 v\u00e5ra medarbetares h\u00e4lsa och p\u00e5 v\u00e5r verksamhet.<\/em>&#8221;<\/p>\n\n\n\n<h4 class=\"wp-block-heading\" style=\"font-size:24px\"><em>Entrepren\u00f6rskap \u2013 Utbildning &#8211; H\u00e4lsa<\/em><\/h4>\n\n\n\n<div style=\"height:50px\" aria-hidden=\"true\" class=\"wp-block-spacer\"><\/div>\n\n\n\n<p>Sidan uppdaterades 2022-12-27<\/p>\n","protected":false},"excerpt":{"rendered":"<p>Haken\u00e4s Valley \u00e4r namnet p\u00e5 en framtidsvision initierad av Hogias grundare Bert-Inge Hogsved. M\u00e5ls\u00e4ttningen \u00e4r i ett f\u00f6rsta skede ett ytterligare f\u00f6rdjupat samarbete mellan tre akt\u00f6rer i s\u00f6dra Stenungsund som verkar inom omr\u00e5dena entrepren\u00f6rskap, utbildning och h\u00e4lsa. De tre \u00e4r Hogia, N\u00f6sn\u00e4sgymnasiet och Stenungsund Arena. Det finns redan idag m\u00e5nga samarbeten och ber\u00f6ringspunkter mellan de &hellip; <\/p>\n<p class=\"link-more\"><a href=\"https:\/\/hakenasvalley.se\/?page_id=5\" class=\"more-link\">L\u00e4s mer<span class=\"screen-reader-text\"> \u201dOm Haken\u00e4s Valley\u201d<\/span><\/a><\/p>\n","protected":false},"author":1,"featured_media":38,"parent":0,"menu_order":0,"comment_status":"closed","ping_status":"closed","template":"","meta":{"footnotes":""},"class_list":["post-5","page","type-page","status-publish","has-post-thumbnail","hentry"],"_links":{"self":[{"href":"https:\/\/hakenasvalley.se\/index.php?rest_route=\/wp\/v2\/pages\/5","targetHints":{"allow":["GET"]}}],"collection":[{"href":"https:\/\/hakenasvalley.se\/index.php?rest_route=\/wp\/v2\/pages"}],"about":[{"href":"https:\/\/hakenasvalley.se\/index.php?rest_route=\/wp\/v2\/types\/page"}],"author":[{"embeddable":true,"href":"https:\/\/hakenasvalley.se\/index.php?rest_route=\/wp\/v2\/users\/1"}],"replies":[{"embeddable":true,"href":"https:\/\/hakenasvalley.se\/index.php?rest_route=%2Fwp%2Fv2%2Fcomments&post=5"}],"version-history":[{"count":20,"href":"https:\/\/hakenasvalley.se\/index.php?rest_route=\/wp\/v2\/pages\/5\/revisions"}],"predecessor-version":[{"id":121,"href":"https:\/\/hakenasvalley.se\/index.php?rest_route=\/wp\/v2\/pages\/5\/revisions\/121"}],"wp:featuredmedia":[{"embeddable":true,"href":"https:\/\/hakenasvalley.se\/index.php?rest_route=\/wp\/v2\/media\/38"}],"wp:attachment":[{"href":"https:\/\/hakenasvalley.se\/index.php?rest_route=%2Fwp%2Fv2%2Fmedia&parent=5"}],"curies":[{"name":"wp","href":"https:\/\/api.w.org\/{rel}","templated":true}]}}